{"id":241,"date":"2023-08-22T18:40:43","date_gmt":"2023-08-22T18:40:43","guid":{"rendered":"https:\/\/todocalor.com.py\/web\/?page_id=241"},"modified":"2023-08-22T18:48:14","modified_gmt":"2023-08-22T18:48:14","slug":"cocinas-industriales","status":"publish","type":"page","link":"https:\/\/todocalor.com.py\/web\/cocinas-industriales\/","title":{"rendered":"Cocinas industriales"},"content":{"rendered":"\n<p class=\"has-text-align-left has-foreground-color has-text-color\">Fabricamos cocinas industriales de baja y alta presi\u00f3n, y a medida, seg\u00fan las calor\u00edas que precise.<\/p>\n\n\n\n<div style=\"height:25px\" aria-hidden=\"true\" class=\"wp-block-spacer\"><\/div>\n\n\n\n<div class=\"wp-block-columns is-layout-flex wp-container-core-columns-is-layout-28f84493 wp-block-columns-is-layout-flex\">\n<div class=\"wp-block-column is-layout-flow wp-block-column-is-layout-flow\">\n<figure class=\"wp-block-image size-full wp-duotone-unset-1\"><img loading=\"lazy\" decoding=\"async\" width=\"800\" height=\"600\" src=\"https:\/\/todocalor.com.py\/web\/wp-content\/uploads\/2023\/08\/cocina_industrial_01-copia.jpg\" alt=\"\" class=\"wp-image-243\" srcset=\"https:\/\/todocalor.com.py\/web\/wp-content\/uploads\/2023\/08\/cocina_industrial_01-copia.jpg 800w, https:\/\/todocalor.com.py\/web\/wp-content\/uploads\/2023\/08\/cocina_industrial_01-copia-300x225.jpg 300w, https:\/\/todocalor.com.py\/web\/wp-content\/uploads\/2023\/08\/cocina_industrial_01-copia-768x576.jpg 768w\" sizes=\"auto, (max-width: 800px) 100vw, 800px\" \/><figcaption class=\"wp-element-caption\">Cocina industrial con horno<\/figcaption><\/figure>\n<\/div>\n\n\n\n<div class=\"wp-block-column is-layout-flow wp-block-column-is-layout-flow\">\n<figure class=\"wp-block-image size-full wp-duotone-unset-2\"><img loading=\"lazy\" decoding=\"async\" width=\"800\" height=\"533\" src=\"https:\/\/todocalor.com.py\/web\/wp-content\/uploads\/2023\/08\/cocina_industrial_1b-copia.jpg\" alt=\"\" class=\"wp-image-244\" srcset=\"https:\/\/todocalor.com.py\/web\/wp-content\/uploads\/2023\/08\/cocina_industrial_1b-copia.jpg 800w, https:\/\/todocalor.com.py\/web\/wp-content\/uploads\/2023\/08\/cocina_industrial_1b-copia-300x200.jpg 300w, https:\/\/todocalor.com.py\/web\/wp-content\/uploads\/2023\/08\/cocina_industrial_1b-copia-768x512.jpg 768w\" sizes=\"auto, (max-width: 800px) 100vw, 800px\" \/><figcaption class=\"wp-element-caption\">Cocina industrial con plancha<\/figcaption><\/figure>\n<\/div>\n\n\n\n<div class=\"wp-block-column is-layout-flow wp-block-column-is-layout-flow\">\n<figure class=\"wp-block-image size-full wp-duotone-unset-3\"><img loading=\"lazy\" decoding=\"async\" width=\"800\" height=\"600\" src=\"https:\/\/todocalor.com.py\/web\/wp-content\/uploads\/2023\/08\/cocina_industrial_02-copia.jpg\" alt=\"\" class=\"wp-image-245\" srcset=\"https:\/\/todocalor.com.py\/web\/wp-content\/uploads\/2023\/08\/cocina_industrial_02-copia.jpg 800w, https:\/\/todocalor.com.py\/web\/wp-content\/uploads\/2023\/08\/cocina_industrial_02-copia-300x225.jpg 300w, https:\/\/todocalor.com.py\/web\/wp-content\/uploads\/2023\/08\/cocina_industrial_02-copia-768x576.jpg 768w\" sizes=\"auto, (max-width: 800px) 100vw, 800px\" \/><figcaption class=\"wp-element-caption\">Cocina industrial con horno<\/figcaption><\/figure>\n<\/div>\n<\/div>\n\n\n\n<div style=\"height:25px\" aria-hidden=\"true\" class=\"wp-block-spacer\"><\/div>\n\n\n\n<div class=\"wp-block-columns is-layout-flex wp-container-core-columns-is-layout-28f84493 wp-block-columns-is-layout-flex\">\n<div class=\"wp-block-column is-layout-flow wp-block-column-is-layout-flow\">\n<figure class=\"wp-block-image size-full wp-duotone-unset-4\"><img loading=\"lazy\" decoding=\"async\" width=\"800\" height=\"533\" src=\"https:\/\/todocalor.com.py\/web\/wp-content\/uploads\/2023\/08\/cocina_industrial_2b-copia.jpg\" alt=\"\" class=\"wp-image-246\" srcset=\"https:\/\/todocalor.com.py\/web\/wp-content\/uploads\/2023\/08\/cocina_industrial_2b-copia.jpg 800w, https:\/\/todocalor.com.py\/web\/wp-content\/uploads\/2023\/08\/cocina_industrial_2b-copia-300x200.jpg 300w, https:\/\/todocalor.com.py\/web\/wp-content\/uploads\/2023\/08\/cocina_industrial_2b-copia-768x512.jpg 768w\" sizes=\"auto, (max-width: 800px) 100vw, 800px\" \/><figcaption class=\"wp-element-caption\">Cocina industrial con horno y plancha<\/figcaption><\/figure>\n<\/div>\n\n\n\n<div class=\"wp-block-column is-layout-flow wp-block-column-is-layout-flow\">\n<figure class=\"wp-block-image size-full wp-duotone-unset-5\"><img loading=\"lazy\" decoding=\"async\" width=\"800\" height=\"600\" src=\"https:\/\/todocalor.com.py\/web\/wp-content\/uploads\/2023\/08\/cocina_industrial_05-copia.jpg\" alt=\"\" class=\"wp-image-247\" srcset=\"https:\/\/todocalor.com.py\/web\/wp-content\/uploads\/2023\/08\/cocina_industrial_05-copia.jpg 800w, https:\/\/todocalor.com.py\/web\/wp-content\/uploads\/2023\/08\/cocina_industrial_05-copia-300x225.jpg 300w, https:\/\/todocalor.com.py\/web\/wp-content\/uploads\/2023\/08\/cocina_industrial_05-copia-768x576.jpg 768w\" sizes=\"auto, (max-width: 800px) 100vw, 800px\" \/><figcaption class=\"wp-element-caption\">Cocina industrial<\/figcaption><\/figure>\n<\/div>\n\n\n\n<div class=\"wp-block-column is-layout-flow wp-block-column-is-layout-flow\">\n<figure class=\"wp-block-image size-full wp-duotone-unset-6\"><img loading=\"lazy\" decoding=\"async\" width=\"800\" height=\"600\" src=\"https:\/\/todocalor.com.py\/web\/wp-content\/uploads\/2023\/08\/cocina_industrial_06-copia.jpg\" alt=\"\" class=\"wp-image-248\" srcset=\"https:\/\/todocalor.com.py\/web\/wp-content\/uploads\/2023\/08\/cocina_industrial_06-copia.jpg 800w, https:\/\/todocalor.com.py\/web\/wp-content\/uploads\/2023\/08\/cocina_industrial_06-copia-300x225.jpg 300w, https:\/\/todocalor.com.py\/web\/wp-content\/uploads\/2023\/08\/cocina_industrial_06-copia-768x576.jpg 768w\" sizes=\"auto, (max-width: 800px) 100vw, 800px\" \/><figcaption class=\"wp-element-caption\">Cocina industrial<\/figcaption><\/figure>\n<\/div>\n<\/div>\n\n\n\n<div style=\"height:25px\" aria-hidden=\"true\" class=\"wp-block-spacer\"><\/div>\n\n\n\n<div class=\"wp-block-columns is-layout-flex wp-container-core-columns-is-layout-28f84493 wp-block-columns-is-layout-flex\">\n<div class=\"wp-block-column is-layout-flow wp-block-column-is-layout-flow\">\n<figure class=\"wp-block-image size-full wp-duotone-unset-7\"><img loading=\"lazy\" decoding=\"async\" width=\"800\" height=\"600\" src=\"https:\/\/todocalor.com.py\/web\/wp-content\/uploads\/2023\/08\/cocina_industrial_07-copia.jpg\" alt=\"\" class=\"wp-image-249\" srcset=\"https:\/\/todocalor.com.py\/web\/wp-content\/uploads\/2023\/08\/cocina_industrial_07-copia.jpg 800w, https:\/\/todocalor.com.py\/web\/wp-content\/uploads\/2023\/08\/cocina_industrial_07-copia-300x225.jpg 300w, https:\/\/todocalor.com.py\/web\/wp-content\/uploads\/2023\/08\/cocina_industrial_07-copia-768x576.jpg 768w\" sizes=\"auto, (max-width: 800px) 100vw, 800px\" \/><figcaption class=\"wp-element-caption\">Cocina industrial<\/figcaption><\/figure>\n<\/div>\n\n\n\n<div class=\"wp-block-column is-layout-flow wp-block-column-is-layout-flow\">\n<figure class=\"wp-block-image size-full wp-duotone-unset-8\"><img loading=\"lazy\" decoding=\"async\" width=\"800\" height=\"600\" src=\"https:\/\/todocalor.com.py\/web\/wp-content\/uploads\/2023\/08\/cocina_industrial_08-copia.jpg\" alt=\"\" class=\"wp-image-250\" srcset=\"https:\/\/todocalor.com.py\/web\/wp-content\/uploads\/2023\/08\/cocina_industrial_08-copia.jpg 800w, https:\/\/todocalor.com.py\/web\/wp-content\/uploads\/2023\/08\/cocina_industrial_08-copia-300x225.jpg 300w, https:\/\/todocalor.com.py\/web\/wp-content\/uploads\/2023\/08\/cocina_industrial_08-copia-768x576.jpg 768w\" sizes=\"auto, (max-width: 800px) 100vw, 800px\" \/><figcaption class=\"wp-element-caption\">Cocina industrial con plancha<\/figcaption><\/figure>\n<\/div>\n\n\n\n<div class=\"wp-block-column is-layout-flow wp-block-column-is-layout-flow\">\n<figure class=\"wp-block-image size-full wp-duotone-unset-9\"><img loading=\"lazy\" decoding=\"async\" width=\"800\" height=\"600\" src=\"https:\/\/todocalor.com.py\/web\/wp-content\/uploads\/2023\/08\/cocina_industrial_09-copia.jpg\" alt=\"\" class=\"wp-image-251\" srcset=\"https:\/\/todocalor.com.py\/web\/wp-content\/uploads\/2023\/08\/cocina_industrial_09-copia.jpg 800w, https:\/\/todocalor.com.py\/web\/wp-content\/uploads\/2023\/08\/cocina_industrial_09-copia-300x225.jpg 300w, https:\/\/todocalor.com.py\/web\/wp-content\/uploads\/2023\/08\/cocina_industrial_09-copia-768x576.jpg 768w\" sizes=\"auto, (max-width: 800px) 100vw, 800px\" \/><figcaption class=\"wp-element-caption\">Cocina industrial con plancha<\/figcaption><\/figure>\n<\/div>\n<\/div>\n\n\n\n<div style=\"height:25px\" aria-hidden=\"true\" class=\"wp-block-spacer\"><\/div>\n\n\n\n<div class=\"wp-block-columns is-layout-flex wp-container-core-columns-is-layout-28f84493 wp-block-columns-is-layout-flex\">\n<div class=\"wp-block-column is-layout-flow wp-block-column-is-layout-flow\">\n<figure class=\"wp-block-image size-full wp-duotone-unset-10\"><img loading=\"lazy\" decoding=\"async\" width=\"800\" height=\"600\" src=\"https:\/\/todocalor.com.py\/web\/wp-content\/uploads\/2023\/08\/cocina_industrial_10-copia.jpg\" alt=\"\" class=\"wp-image-252\" srcset=\"https:\/\/todocalor.com.py\/web\/wp-content\/uploads\/2023\/08\/cocina_industrial_10-copia.jpg 800w, https:\/\/todocalor.com.py\/web\/wp-content\/uploads\/2023\/08\/cocina_industrial_10-copia-300x225.jpg 300w, https:\/\/todocalor.com.py\/web\/wp-content\/uploads\/2023\/08\/cocina_industrial_10-copia-768x576.jpg 768w\" sizes=\"auto, (max-width: 800px) 100vw, 800px\" \/><figcaption class=\"wp-element-caption\">Cocina industrial con horno y plancha<\/figcaption><\/figure>\n<\/div>\n\n\n\n<div class=\"wp-block-column is-layout-flow wp-block-column-is-layout-flow\"><\/div>\n\n\n\n<div class=\"wp-block-column is-layout-flow wp-block-column-is-layout-flow\"><\/div>\n<\/div>\n","protected":false},"excerpt":{"rendered":"<p>Fabricamos cocinas industriales de baja y alta presi\u00f3n, y a medida, seg\u00fan las calor\u00edas que precise.<\/p>\n","protected":false},"author":1,"featured_media":0,"parent":0,"menu_order":0,"comment_status":"closed","ping_status":"closed","template":"","meta":{"footnotes":""},"class_list":["post-241","page","type-page","status-publish","hentry"],"jetpack_sharing_enabled":true,"_links":{"self":[{"href":"https:\/\/todocalor.com.py\/web\/wp-json\/wp\/v2\/pages\/241","targetHints":{"allow":["GET"]}}],"collection":[{"href":"https:\/\/todocalor.com.py\/web\/wp-json\/wp\/v2\/pages"}],"about":[{"href":"https:\/\/todocalor.com.py\/web\/wp-json\/wp\/v2\/types\/page"}],"author":[{"embeddable":true,"href":"https:\/\/todocalor.com.py\/web\/wp-json\/wp\/v2\/users\/1"}],"replies":[{"embeddable":true,"href":"https:\/\/todocalor.com.py\/web\/wp-json\/wp\/v2\/comments?post=241"}],"version-history":[{"count":2,"href":"https:\/\/todocalor.com.py\/web\/wp-json\/wp\/v2\/pages\/241\/revisions"}],"predecessor-version":[{"id":259,"href":"https:\/\/todocalor.com.py\/web\/wp-json\/wp\/v2\/pages\/241\/revisions\/259"}],"wp:attachment":[{"href":"https:\/\/todocalor.com.py\/web\/wp-json\/wp\/v2\/media?parent=241"}],"curies":[{"name":"wp","href":"https:\/\/api.w.org\/{rel}","templated":true}]}}